{"id":1072,"date":"2024-01-09T23:42:30","date_gmt":"2024-01-10T02:42:30","guid":{"rendered":"https:\/\/hypnosisgaming.cl\/?page_id=1072"},"modified":"2025-09-15T18:02:40","modified_gmt":"2025-09-15T21:02:40","slug":"servicios","status":"publish","type":"page","link":"https:\/\/hypnosisgaming.cl\/?page_id=1072","title":{"rendered":"Servicios"},"content":{"rendered":"\n<div class=\"wp-block-stackable-spacer stk-block-spacer stk--no-padding stk-block stk-66a728e\" data-block-id=\"66a728e\"><style>.stk-66a728e {height:25px !important;}<\/style><\/div>\n\n\n\n<div class=\"wp-block-stackable-columns alignwide stk-block-columns stk-block stk-168a11f\" data-block-id=\"168a11f\"><style>.stk-168a11f {margin-bottom:25px !important;}<\/style><div class=\"stk-row stk-inner-blocks stk-block-content stk-content-align stk-168a11f-column alignwide\">\n<div class=\"wp-block-stackable-column stk-block-column stk-column stk-block stk-02c6388\" data-v=\"4\" data-block-id=\"02c6388\"><div class=\"stk-column-wrapper stk-block-column__content stk-container stk-02c6388-container stk--no-background stk--no-padding\"><div class=\"stk-block-content stk-inner-blocks stk-02c6388-inner-blocks\">\n<div class=\"wp-block-stackable-heading alignfull stk-block-heading stk-block-heading--v2 stk-block stk-e849165 stk-block-background\" id=\"modulos-y-servicios\" data-block-id=\"e849165\"><style>.stk-e849165 {background-color:var(--theme-palette-color-1, #7456f1) !important;border-top-left-radius:15px !important;border-top-right-radius:15px !important;border-bottom-right-radius:15px !important;border-bottom-left-radius:15px !important;overflow:hidden !important;}.stk-e849165:before{background-color:var(--theme-palette-color-1, #7456f1) !important;}.stk-e849165 .stk-block-heading__text{color:var(--theme-palette-color-8, #ffffff) !important;}<\/style><h2 class=\"stk-block-heading__text has-text-color has-text-align-center\">Modulos y Servicios<\/h2><\/div>\n\n\n\n<div class=\"wp-block-stackable-text stk-block-text stk-block stk-f637942\" data-block-id=\"f637942\"><style>.stk-f637942 {margin-bottom:23px !important;}.stk-f637942 .stk-block-text__text{font-size:25px !important;color:var(--theme-palette-color-8, #ffffff) !important;}@media screen and (max-width:999px){.stk-f637942 .stk-block-text__text{font-size:25px !important;}}<\/style><p class=\"stk-block-text__text has-text-color has-text-align-center\">Dise\u00f1amos tu espacio con c\u00f3modo mobiliario, decoraci\u00f3n y luces para que crear una verdadera Fiesta Gamer<\/p><\/div>\n\n\n\n<div class=\"wp-block-stackable-text stk-block-text stk-block stk-eae0e1c\" data-block-id=\"eae0e1c\"><style>.stk-eae0e1c .stk-block-text__text{color:var(--theme-palette-color-8, #ffffff) !important;}<\/style><p class=\"stk-block-text__text has-text-color has-text-align-center\">Contamos con los siguientes m\u00f3dulos y consolas que incluyen TV full HD y los soportes con iluminaci\u00f3n para que luzca perfecto en evento<\/p><\/div>\n\n\n\n<div class=\"wp-block-stackable-text stk-block-text stk-block stk-cfd8098 stk-block-background stk--has-background-overlay\" data-block-id=\"cfd8098\"><style>.stk-cfd8098 {background-color:linear-gradient(-225deg, #AC32E4 0%, #7918F2 48%, #4801FF 100%) !important;}.stk-cfd8098:before{background-image:linear-gradient(-225deg, #AC32E4 0%, #7918F2 48%, #4801FF 100%) !important;}.stk-cfd8098 .stk-block-text__text{font-size:24px !important;color:#fdfbfb !important;}@media screen and (max-width:999px){.stk-cfd8098 .stk-block-text__text{font-size:24px !important;}}<\/style><p class=\"stk-block-text__text has-text-color has-text-align-center\"><strong>MODULOS NO INCLUYEN TRASLADO REVISA AQUI EL MAPA CON VALORES DE TRASLADO SEGUN COMUNA<\/strong><\/p><\/div>\n<\/div><\/div><\/div>\n<\/div><\/div>\n\n\n\n<div class=\"wp-block-stackable-button-group stk-block-button-group stk-block stk-ab47774\" data-block-id=\"ab47774\"><div class=\"stk-row stk-inner-blocks stk-block-content stk-button-group\">\n<div class=\"wp-block-stackable-button stk-block-button has-text-align-center stk-block stk-32bc6f4\" data-block-id=\"32bc6f4\"><style>.stk-32bc6f4 .stk-button{background:#cf2e2e !important;border-top-left-radius:15px !important;border-top-right-radius:15px !important;border-bottom-right-radius:15px !important;border-bottom-left-radius:15px !important;}.stk-32bc6f4 .stk-button .stk--inner-svg svg:last-child{height:25px !important;width:25px !important;}<\/style><a class=\"stk-link stk-button stk--hover-effect-darken\" href=\"https:\/\/hypnosisgaming.cl\/?page_id=1384\"><span class=\"stk--svg-wrapper\"><div class=\"stk--inner-svg\"><svg xmlns=\"http:\/\/www.w3.org\/2000\/svg\" viewBox=\"0 0 640 512\" aria-hidden=\"true\" width=\"32\" height=\"32\"><path d=\"M0 48C0 21.5 21.5 0 48 0H368c26.5 0 48 21.5 48 48V96h50.7c17 0 33.3 6.7 45.3 18.7L589.3 192c12 12 18.7 28.3 18.7 45.3V256v32 64c17.7 0 32 14.3 32 32s-14.3 32-32 32H576c0 53-43 96-96 96s-96-43-96-96H256c0 53-43 96-96 96s-96-43-96-96H48c-26.5 0-48-21.5-48-48V48zM416 256H544V237.3L466.7 160H416v96zM160 464a48 48 0 1 0 0-96 48 48 0 1 0 0 96zm368-48a48 48 0 1 0 -96 0 48 48 0 1 0 96 0zM257 95c-9.4-9.4-24.6-9.4-33.9 0s-9.4 24.6 0 33.9l39 39H96c-13.3 0-24 10.7-24 24s10.7 24 24 24H262.1l-39 39c-9.4 9.4-9.4 24.6 0 33.9s24.6 9.4 33.9 0l80-80c9.4-9.4 9.4-24.6 0-33.9L257 95z\"><\/path><\/svg><\/div><\/span><span class=\"stk-button__inner-text\"><strong>MAPA<\/strong><\/span><\/a><\/div>\n<\/div><\/div>\n\n\n\n<figure class=\"wp-block-image size-large\"><img loading=\"lazy\" decoding=\"async\" width=\"724\" height=\"1024\" src=\"http:\/\/hypnosisgaming.cl\/wp-content\/uploads\/2025\/05\/Copia-de-Copia-de-Flyer-hamburguesas-geometrico-amarillo-y-cafe-2-724x1024.jpg\" alt=\"\" class=\"wp-image-1421\" srcset=\"https:\/\/hypnosisgaming.cl\/wp-content\/uploads\/2025\/05\/Copia-de-Copia-de-Flyer-hamburguesas-geometrico-amarillo-y-cafe-2-724x1024.jpg 724w, https:\/\/hypnosisgaming.cl\/wp-content\/uploads\/2025\/05\/Copia-de-Copia-de-Flyer-hamburguesas-geometrico-amarillo-y-cafe-2-212x300.jpg 212w, https:\/\/hypnosisgaming.cl\/wp-content\/uploads\/2025\/05\/Copia-de-Copia-de-Flyer-hamburguesas-geometrico-amarillo-y-cafe-2-768x1086.jpg 768w, https:\/\/hypnosisgaming.cl\/wp-content\/uploads\/2025\/05\/Copia-de-Copia-de-Flyer-hamburguesas-geometrico-amarillo-y-cafe-2-1086x1536.jpg 1086w, https:\/\/hypnosisgaming.cl\/wp-content\/uploads\/2025\/05\/Copia-de-Copia-de-Flyer-hamburguesas-geometrico-amarillo-y-cafe-2.jpg 1414w\" sizes=\"auto, (max-width: 724px) 100vw, 724px\" \/><\/figure>\n\n\n\n<div class=\"wp-block-stackable-columns stk-block-columns stk-block stk-9a171b0\" data-block-id=\"9a171b0\"><div class=\"stk-row stk-inner-blocks stk-block-content stk-content-align stk-9a171b0-column\">\n<div class=\"wp-block-stackable-column stk-block-column stk-column stk-block stk-0a47c48\" data-v=\"4\" data-block-id=\"0a47c48\"><div class=\"stk-column-wrapper stk-block-column__content stk-container stk-0a47c48-container stk--no-background stk--no-padding\"><div class=\"stk-block-content stk-inner-blocks stk-0a47c48-inner-blocks\">\n<div class=\"wp-block-stackable-image stk-block-image stk-block stk-1a2d1e6\" data-block-id=\"1a2d1e6\"><style>.stk-1a2d1e6 .stk-img-wrapper img{border-radius:15px !important;}<\/style><figure><span class=\"stk-img-wrapper stk-image--shape-stretch\"><img loading=\"lazy\" decoding=\"async\" class=\"stk-img wp-image-1483\" src=\"http:\/\/hypnosisgaming.cl\/wp-content\/uploads\/2025\/09\/1.png\" width=\"1414\" height=\"2000\" srcset=\"https:\/\/hypnosisgaming.cl\/wp-content\/uploads\/2025\/09\/1.png 1414w, https:\/\/hypnosisgaming.cl\/wp-content\/uploads\/2025\/09\/1-212x300.png 212w, https:\/\/hypnosisgaming.cl\/wp-content\/uploads\/2025\/09\/1-724x1024.png 724w, https:\/\/hypnosisgaming.cl\/wp-content\/uploads\/2025\/09\/1-768x1086.png 768w, https:\/\/hypnosisgaming.cl\/wp-content\/uploads\/2025\/09\/1-1086x1536.png 1086w\" sizes=\"auto, (max-width: 1414px) 100vw, 1414px\" \/><\/span><\/figure><\/div>\n<\/div><\/div><\/div>\n\n\n\n<div class=\"wp-block-stackable-column stk-block-column stk-column stk-block stk-06e6bf9\" data-v=\"4\" data-block-id=\"06e6bf9\"><div class=\"stk-column-wrapper stk-block-column__content stk-container stk-06e6bf9-container stk--no-background stk--no-padding\"><div class=\"stk-block-content stk-inner-blocks stk-06e6bf9-inner-blocks\">\n<div class=\"wp-block-stackable-image stk-block-image stk-block stk-106ddef\" data-block-id=\"106ddef\"><style>.stk-106ddef .stk-img-wrapper img{border-radius:15px !important;}<\/style><figure><span class=\"stk-img-wrapper stk-image--shape-stretch\"><img loading=\"lazy\" decoding=\"async\" class=\"stk-img wp-image-1485\" src=\"http:\/\/hypnosisgaming.cl\/wp-content\/uploads\/2025\/09\/3.png\" width=\"1414\" height=\"2000\" srcset=\"https:\/\/hypnosisgaming.cl\/wp-content\/uploads\/2025\/09\/3.png 1414w, https:\/\/hypnosisgaming.cl\/wp-content\/uploads\/2025\/09\/3-212x300.png 212w, https:\/\/hypnosisgaming.cl\/wp-content\/uploads\/2025\/09\/3-724x1024.png 724w, https:\/\/hypnosisgaming.cl\/wp-content\/uploads\/2025\/09\/3-768x1086.png 768w, https:\/\/hypnosisgaming.cl\/wp-content\/uploads\/2025\/09\/3-1086x1536.png 1086w\" sizes=\"auto, (max-width: 1414px) 100vw, 1414px\" \/><\/span><\/figure><\/div>\n<\/div><\/div><\/div>\n<\/div><\/div>\n\n\n\n<div class=\"wp-block-stackable-columns stk-block-columns stk-block stk-b4c2942\" data-block-id=\"b4c2942\"><div class=\"stk-row stk-inner-blocks stk-block-content stk-content-align stk-b4c2942-column\">\n<div class=\"wp-block-stackable-column stk-block-column stk-column stk-block stk-e3cf135\" data-v=\"4\" data-block-id=\"e3cf135\"><div class=\"stk-column-wrapper stk-block-column__content stk-container stk-e3cf135-container stk--no-background stk--no-padding\"><div class=\"stk-block-content stk-inner-blocks stk-e3cf135-inner-blocks\">\n<div class=\"wp-block-stackable-image stk-block-image stk-block stk-6433f06\" data-block-id=\"6433f06\"><style>.stk-6433f06 .stk-img-wrapper img{border-radius:15px !important;}<\/style><figure><span class=\"stk-img-wrapper stk-image--shape-stretch\"><img loading=\"lazy\" decoding=\"async\" class=\"stk-img wp-image-1486\" src=\"http:\/\/hypnosisgaming.cl\/wp-content\/uploads\/2025\/09\/4.png\" width=\"1414\" height=\"2000\" srcset=\"https:\/\/hypnosisgaming.cl\/wp-content\/uploads\/2025\/09\/4.png 1414w, https:\/\/hypnosisgaming.cl\/wp-content\/uploads\/2025\/09\/4-212x300.png 212w, https:\/\/hypnosisgaming.cl\/wp-content\/uploads\/2025\/09\/4-724x1024.png 724w, https:\/\/hypnosisgaming.cl\/wp-content\/uploads\/2025\/09\/4-768x1086.png 768w, https:\/\/hypnosisgaming.cl\/wp-content\/uploads\/2025\/09\/4-1086x1536.png 1086w\" sizes=\"auto, (max-width: 1414px) 100vw, 1414px\" \/><\/span><\/figure><\/div>\n<\/div><\/div><\/div>\n\n\n\n<div class=\"wp-block-stackable-column stk-block-column stk-column stk-block stk-01864de\" data-v=\"4\" data-block-id=\"01864de\"><div class=\"stk-column-wrapper stk-block-column__content stk-container stk-01864de-container stk--no-background stk--no-padding\"><div class=\"stk-block-content stk-inner-blocks stk-01864de-inner-blocks\">\n<div class=\"wp-block-stackable-image stk-block-image stk-block stk-8086168\" data-block-id=\"8086168\"><style>.stk-8086168 .stk-img-wrapper img{border-radius:15px !important;}<\/style><figure><span class=\"stk-img-wrapper stk-image--shape-stretch\"><img loading=\"lazy\" decoding=\"async\" class=\"stk-img wp-image-1281\" src=\"http:\/\/hypnosisgaming.cl\/wp-content\/uploads\/2024\/04\/9.png\" width=\"1414\" height=\"2000\" srcset=\"https:\/\/hypnosisgaming.cl\/wp-content\/uploads\/2024\/04\/9.png 1414w, https:\/\/hypnosisgaming.cl\/wp-content\/uploads\/2024\/04\/9-212x300.png 212w, https:\/\/hypnosisgaming.cl\/wp-content\/uploads\/2024\/04\/9-724x1024.png 724w, https:\/\/hypnosisgaming.cl\/wp-content\/uploads\/2024\/04\/9-768x1086.png 768w, https:\/\/hypnosisgaming.cl\/wp-content\/uploads\/2024\/04\/9-1086x1536.png 1086w\" sizes=\"auto, (max-width: 1414px) 100vw, 1414px\" \/><\/span><\/figure><\/div>\n<\/div><\/div><\/div>\n<\/div><\/div>\n\n\n\n<div class=\"wp-block-stackable-columns stk-block-columns stk-block stk-775e6be\" data-block-id=\"775e6be\"><div class=\"stk-row stk-inner-blocks stk-block-content stk-content-align stk-775e6be-column\">\n<div class=\"wp-block-stackable-column stk-block-column stk-column stk-block stk-79759e9\" data-v=\"4\" data-block-id=\"79759e9\"><div class=\"stk-column-wrapper stk-block-column__content stk-container stk-79759e9-container stk--no-background stk--no-padding\"><div class=\"stk-block-content stk-inner-blocks stk-79759e9-inner-blocks\">\n<div class=\"wp-block-stackable-image stk-block-image stk-block stk-6d41ffb\" data-block-id=\"6d41ffb\"><style>.stk-6d41ffb {border-top-left-radius:15px !important;border-top-right-radius:15px !important;border-bottom-right-radius:15px !important;border-bottom-left-radius:15px !important;overflow:hidden !important;}<\/style><figure><span class=\"stk-img-wrapper stk-image--shape-stretch\"><img loading=\"lazy\" decoding=\"async\" class=\"stk-img wp-image-1276\" src=\"http:\/\/hypnosisgaming.cl\/wp-content\/uploads\/2024\/04\/4.png\" width=\"1414\" height=\"2000\" srcset=\"https:\/\/hypnosisgaming.cl\/wp-content\/uploads\/2024\/04\/4.png 1414w, https:\/\/hypnosisgaming.cl\/wp-content\/uploads\/2024\/04\/4-212x300.png 212w, https:\/\/hypnosisgaming.cl\/wp-content\/uploads\/2024\/04\/4-724x1024.png 724w, https:\/\/hypnosisgaming.cl\/wp-content\/uploads\/2024\/04\/4-768x1086.png 768w, https:\/\/hypnosisgaming.cl\/wp-content\/uploads\/2024\/04\/4-1086x1536.png 1086w\" sizes=\"auto, (max-width: 1414px) 100vw, 1414px\" \/><\/span><\/figure><\/div>\n<\/div><\/div><\/div>\n\n\n\n<div class=\"wp-block-stackable-column stk-block-column stk-column stk-block stk-678492d\" data-v=\"4\" data-block-id=\"678492d\"><div class=\"stk-column-wrapper stk-block-column__content stk-container stk-678492d-container stk--no-background stk--no-padding\"><div class=\"stk-block-content stk-inner-blocks stk-678492d-inner-blocks\">\n<div class=\"wp-block-stackable-image stk-block-image stk-block stk-bb351e8\" data-block-id=\"bb351e8\"><style>.stk-bb351e8 .stk-img-wrapper img{border-radius:15px !important;}<\/style><figure><span class=\"stk-img-wrapper stk-image--shape-stretch\"><img loading=\"lazy\" decoding=\"async\" class=\"stk-img wp-image-1277\" src=\"http:\/\/hypnosisgaming.cl\/wp-content\/uploads\/2024\/04\/5.png\" width=\"1414\" height=\"2000\" srcset=\"https:\/\/hypnosisgaming.cl\/wp-content\/uploads\/2024\/04\/5.png 1414w, https:\/\/hypnosisgaming.cl\/wp-content\/uploads\/2024\/04\/5-212x300.png 212w, https:\/\/hypnosisgaming.cl\/wp-content\/uploads\/2024\/04\/5-724x1024.png 724w, https:\/\/hypnosisgaming.cl\/wp-content\/uploads\/2024\/04\/5-768x1086.png 768w, https:\/\/hypnosisgaming.cl\/wp-content\/uploads\/2024\/04\/5-1086x1536.png 1086w\" sizes=\"auto, (max-width: 1414px) 100vw, 1414px\" \/><\/span><\/figure><\/div>\n<\/div><\/div><\/div>\n<\/div><\/div>\n\n\n\n<div class=\"wp-block-stackable-columns stk-block-columns stk-block stk-2a8bc21\" data-block-id=\"2a8bc21\"><div class=\"stk-row stk-inner-blocks stk-block-content stk-content-align stk-2a8bc21-column\">\n<div class=\"wp-block-stackable-column stk-block-column stk-column stk-block stk-4ab1604\" data-v=\"4\" data-block-id=\"4ab1604\"><div class=\"stk-column-wrapper stk-block-column__content stk-container stk-4ab1604-container stk--no-background stk--no-padding\"><div class=\"stk-block-content stk-inner-blocks stk-4ab1604-inner-blocks\">\n<div class=\"wp-block-stackable-image stk-block-image stk-block stk-4afccc3\" data-block-id=\"4afccc3\"><style>.stk-4afccc3 .stk-img-wrapper img{border-radius:15px !important;}<\/style><figure><span class=\"stk-img-wrapper stk-image--shape-stretch\"><img loading=\"lazy\" decoding=\"async\" class=\"stk-img wp-image-1301\" src=\"http:\/\/hypnosisgaming.cl\/wp-content\/uploads\/2024\/05\/6.png\" width=\"1414\" height=\"2000\" srcset=\"https:\/\/hypnosisgaming.cl\/wp-content\/uploads\/2024\/05\/6.png 1414w, https:\/\/hypnosisgaming.cl\/wp-content\/uploads\/2024\/05\/6-212x300.png 212w, https:\/\/hypnosisgaming.cl\/wp-content\/uploads\/2024\/05\/6-724x1024.png 724w, https:\/\/hypnosisgaming.cl\/wp-content\/uploads\/2024\/05\/6-768x1086.png 768w, https:\/\/hypnosisgaming.cl\/wp-content\/uploads\/2024\/05\/6-1086x1536.png 1086w\" sizes=\"auto, (max-width: 1414px) 100vw, 1414px\" \/><\/span><\/figure><\/div>\n<\/div><\/div><\/div>\n\n\n\n<div class=\"wp-block-stackable-column stk-block-column stk-column stk-block stk-1fd7712\" data-v=\"4\" data-block-id=\"1fd7712\"><div class=\"stk-column-wrapper stk-block-column__content stk-container stk-1fd7712-container stk--no-background stk--no-padding\"><div class=\"stk-block-content stk-inner-blocks stk-1fd7712-inner-blocks\">\n<div class=\"wp-block-stackable-image stk-block-image stk-block stk-3addb6b\" data-block-id=\"3addb6b\"><style>.stk-3addb6b .stk-img-wrapper img{border-radius:15px !important;}<\/style><figure><span class=\"stk-img-wrapper stk-image--shape-stretch\"><img loading=\"lazy\" decoding=\"async\" class=\"stk-img wp-image-1481\" src=\"http:\/\/hypnosisgaming.cl\/wp-content\/uploads\/2025\/09\/13-1.jpg\" width=\"1414\" height=\"2000\" srcset=\"https:\/\/hypnosisgaming.cl\/wp-content\/uploads\/2025\/09\/13-1.jpg 1414w, https:\/\/hypnosisgaming.cl\/wp-content\/uploads\/2025\/09\/13-1-212x300.jpg 212w, https:\/\/hypnosisgaming.cl\/wp-content\/uploads\/2025\/09\/13-1-724x1024.jpg 724w, https:\/\/hypnosisgaming.cl\/wp-content\/uploads\/2025\/09\/13-1-768x1086.jpg 768w, https:\/\/hypnosisgaming.cl\/wp-content\/uploads\/2025\/09\/13-1-1086x1536.jpg 1086w\" sizes=\"auto, (max-width: 1414px) 100vw, 1414px\" \/><\/span><\/figure><\/div>\n<\/div><\/div><\/div>\n<\/div><\/div>\n\n\n\n<div class=\"wp-block-stackable-columns stk-block-columns stk-block stk-fc86bf1\" data-block-id=\"fc86bf1\"><div class=\"stk-row stk-inner-blocks stk-block-content stk-content-align stk-fc86bf1-column\">\n<div class=\"wp-block-stackable-column stk-block-column stk-column stk-block stk-4676d3f\" data-v=\"4\" data-block-id=\"4676d3f\"><div class=\"stk-column-wrapper stk-block-column__content stk-container stk-4676d3f-container stk--no-background stk--no-padding\"><div class=\"stk-block-content stk-inner-blocks stk-4676d3f-inner-blocks\">\n<div class=\"wp-block-stackable-image stk-block-image stk-block stk-ba28327\" data-block-id=\"ba28327\"><style>.stk-ba28327 .stk-img-wrapper img{border-radius:15px !important;}<\/style><figure><span class=\"stk-img-wrapper stk-image--shape-stretch\"><img loading=\"lazy\" decoding=\"async\" class=\"stk-img wp-image-1479\" src=\"http:\/\/hypnosisgaming.cl\/wp-content\/uploads\/2025\/09\/8-1.jpg\" width=\"1414\" height=\"2000\" srcset=\"https:\/\/hypnosisgaming.cl\/wp-content\/uploads\/2025\/09\/8-1.jpg 1414w, https:\/\/hypnosisgaming.cl\/wp-content\/uploads\/2025\/09\/8-1-212x300.jpg 212w, https:\/\/hypnosisgaming.cl\/wp-content\/uploads\/2025\/09\/8-1-724x1024.jpg 724w, https:\/\/hypnosisgaming.cl\/wp-content\/uploads\/2025\/09\/8-1-768x1086.jpg 768w, https:\/\/hypnosisgaming.cl\/wp-content\/uploads\/2025\/09\/8-1-1086x1536.jpg 1086w\" sizes=\"auto, (max-width: 1414px) 100vw, 1414px\" \/><\/span><\/figure><\/div>\n\n\n\n<div class=\"wp-block-stackable-image stk-block-image stk-block stk-e92690e\" data-block-id=\"e92690e\"><style>.stk-e92690e .stk-img-wrapper img{border-radius:15px !important;}<\/style><figure><span class=\"stk-img-wrapper stk-image--shape-stretch\"><img loading=\"lazy\" decoding=\"async\" class=\"stk-img wp-image-1480\" src=\"http:\/\/hypnosisgaming.cl\/wp-content\/uploads\/2025\/09\/11-1.jpg\" width=\"1414\" height=\"2000\" srcset=\"https:\/\/hypnosisgaming.cl\/wp-content\/uploads\/2025\/09\/11-1.jpg 1414w, https:\/\/hypnosisgaming.cl\/wp-content\/uploads\/2025\/09\/11-1-212x300.jpg 212w, https:\/\/hypnosisgaming.cl\/wp-content\/uploads\/2025\/09\/11-1-724x1024.jpg 724w, https:\/\/hypnosisgaming.cl\/wp-content\/uploads\/2025\/09\/11-1-768x1086.jpg 768w, https:\/\/hypnosisgaming.cl\/wp-content\/uploads\/2025\/09\/11-1-1086x1536.jpg 1086w\" sizes=\"auto, (max-width: 1414px) 100vw, 1414px\" \/><\/span><\/figure><\/div>\n<\/div><\/div><\/div>\n\n\n\n<div class=\"wp-block-stackable-column stk-block-column stk-column stk-block stk-403c62c\" data-v=\"4\" data-block-id=\"403c62c\"><div class=\"stk-column-wrapper stk-block-column__content stk-container stk-403c62c-container stk--no-background stk--no-padding\"><div class=\"stk-block-content stk-inner-blocks stk-403c62c-inner-blocks\">\n<div class=\"wp-block-stackable-image stk-block-image stk-block stk-c9b5467\" id=\"arcadepromo\" data-block-id=\"c9b5467\"><figure><span class=\"stk-img-wrapper stk-image--shape-stretch\"><img loading=\"lazy\" decoding=\"async\" class=\"stk-img wp-image-1283\" src=\"http:\/\/hypnosisgaming.cl\/wp-content\/uploads\/2024\/04\/11.png\" width=\"1414\" height=\"2000\" srcset=\"https:\/\/hypnosisgaming.cl\/wp-content\/uploads\/2024\/04\/11.png 1414w, https:\/\/hypnosisgaming.cl\/wp-content\/uploads\/2024\/04\/11-212x300.png 212w, https:\/\/hypnosisgaming.cl\/wp-content\/uploads\/2024\/04\/11-724x1024.png 724w, https:\/\/hypnosisgaming.cl\/wp-content\/uploads\/2024\/04\/11-768x1086.png 768w, https:\/\/hypnosisgaming.cl\/wp-content\/uploads\/2024\/04\/11-1086x1536.png 1086w\" sizes=\"auto, (max-width: 1414px) 100vw, 1414px\" \/><\/span><\/figure><\/div>\n\n\n\n<div class=\"wp-block-stackable-image stk-block-image stk-block stk-81daa59\" id=\"arcadepromo\" data-block-id=\"81daa59\"><figure><span class=\"stk-img-wrapper stk-image--shape-stretch\"><img loading=\"lazy\" decoding=\"async\" class=\"stk-img wp-image-1253\" src=\"http:\/\/hypnosisgaming.cl\/wp-content\/uploads\/2024\/03\/Copia-de-11.png\" width=\"1414\" height=\"2000\" srcset=\"https:\/\/hypnosisgaming.cl\/wp-content\/uploads\/2024\/03\/Copia-de-11.png 1414w, https:\/\/hypnosisgaming.cl\/wp-content\/uploads\/2024\/03\/Copia-de-11-212x300.png 212w, https:\/\/hypnosisgaming.cl\/wp-content\/uploads\/2024\/03\/Copia-de-11-724x1024.png 724w, https:\/\/hypnosisgaming.cl\/wp-content\/uploads\/2024\/03\/Copia-de-11-768x1086.png 768w, https:\/\/hypnosisgaming.cl\/wp-content\/uploads\/2024\/03\/Copia-de-11-1086x1536.png 1086w\" sizes=\"auto, (max-width: 1414px) 100vw, 1414px\" \/><\/span><\/figure><\/div>\n<\/div><\/div><\/div>\n<\/div><\/div>\n\n\n\n<div class=\"wp-block-stackable-columns stk-block-columns stk-block stk-6ffcb4e\" data-block-id=\"6ffcb4e\"><style>.stk-6ffcb4e {margin-bottom:29px !important;}<\/style><div class=\"stk-row stk-inner-blocks stk-block-content stk-content-align stk-6ffcb4e-column\">\n<div class=\"wp-block-stackable-column stk-block-column stk-column stk-block stk-332ecd4\" data-v=\"4\" data-block-id=\"332ecd4\"><div class=\"stk-column-wrapper stk-block-column__content stk-container stk-332ecd4-container stk--no-background stk--no-padding\"><div class=\"stk-block-content stk-inner-blocks stk-332ecd4-inner-blocks\"><\/div><\/div><\/div>\n<\/div><\/div>\n\n\n\n<div class=\"wp-block-stackable-button-group stk-block-button-group stk-block stk-5064e5c\" data-block-id=\"5064e5c\"><style>.stk-5064e5c {margin-bottom:50px !important;}<\/style><div class=\"stk-row stk-inner-blocks has-text-align-center stk-block-content stk-button-group\">\n<div class=\"wp-block-stackable-button stk-block-button stk-block stk-33ad1d6\" data-block-id=\"33ad1d6\"><a class=\"stk-link stk-button stk--hover-effect-darken\" href=\"https:\/\/hypnosisgaming.cl\"><span class=\"stk-button__inner-text\">Inicio<\/span><\/a><\/div>\n<\/div><\/div>\n\n\n\n<div class=\"wp-block-stackable-columns stk-block-columns stk-block stk-8328ade\" data-block-id=\"8328ade\"><div class=\"stk-row stk-inner-blocks stk-block-content stk-content-align stk-8328ade-column\">\n<div class=\"wp-block-stackable-column stk-block-column stk-column stk-block stk-477b03e\" data-v=\"4\" data-block-id=\"477b03e\"><div class=\"stk-column-wrapper stk-block-column__content stk-container stk-477b03e-container stk--no-background stk--no-padding\"><div class=\"stk-block-content stk-inner-blocks stk-477b03e-inner-blocks\"><\/div><\/div><\/div>\n<\/div><\/div>\n","protected":false},"excerpt":{"rendered":"<p>Modulos y Servicios Dise\u00f1amos tu espacio con c\u00f3modo mobiliario, decoraci\u00f3n y luces para que crear una verdadera Fiesta Gamer Contamos con los siguientes m\u00f3dulos y consolas que incluyen TV full HD y los soportes con iluminaci\u00f3n para que luzca perfecto en evento MODULOS NO INCLUYEN TRASLADO REVISA AQUI EL MAPA CON VALORES DE TRASLADO SEGUN [&hellip;]<\/p>\n","protected":false},"author":1,"featured_media":0,"parent":0,"menu_order":0,"comment_status":"closed","ping_status":"closed","template":"","meta":{"_monsterinsights_skip_tracking":false,"_monsterinsights_sitenote_active":false,"_monsterinsights_sitenote_note":"","_monsterinsights_sitenote_category":0,"footnotes":""},"class_list":["post-1072","page","type-page","status-publish","hentry"],"blocksy_meta":[],"aioseo_notices":[],"_links":{"self":[{"href":"https:\/\/hypnosisgaming.cl\/index.php?rest_route=\/wp\/v2\/pages\/1072","targetHints":{"allow":["GET"]}}],"collection":[{"href":"https:\/\/hypnosisgaming.cl\/index.php?rest_route=\/wp\/v2\/pages"}],"about":[{"href":"https:\/\/hypnosisgaming.cl\/index.php?rest_route=\/wp\/v2\/types\/page"}],"author":[{"embeddable":true,"href":"https:\/\/hypnosisgaming.cl\/index.php?rest_route=\/wp\/v2\/users\/1"}],"replies":[{"embeddable":true,"href":"https:\/\/hypnosisgaming.cl\/index.php?rest_route=%2Fwp%2Fv2%2Fcomments&post=1072"}],"version-history":[{"count":23,"href":"https:\/\/hypnosisgaming.cl\/index.php?rest_route=\/wp\/v2\/pages\/1072\/revisions"}],"predecessor-version":[{"id":1497,"href":"https:\/\/hypnosisgaming.cl\/index.php?rest_route=\/wp\/v2\/pages\/1072\/revisions\/1497"}],"wp:attachment":[{"href":"https:\/\/hypnosisgaming.cl\/index.php?rest_route=%2Fwp%2Fv2%2Fmedia&parent=1072"}],"curies":[{"name":"wp","href":"https:\/\/api.w.org\/{rel}","templated":true}]}}